{"id":1021,"date":"2021-08-06T19:05:16","date_gmt":"2021-08-06T19:05:16","guid":{"rendered":"http:\/\/beta.yopsi.ch\/yopsi\/"},"modified":"2022-02-22T15:36:10","modified_gmt":"2022-02-22T15:36:10","slug":"yopsi","status":"publish","type":"page","link":"https:\/\/beta.yopsi.ch\/en\/","title":{"rendered":"Yopsi"},"content":{"rendered":"<p>[et_pb_section fb_built=&#8221;1&#8243; _builder_version=&#8221;3.22&#8243; custom_padding=&#8221;||54px|||&#8221; global_colors_info=&#8221;{}&#8221;][et_pb_row _builder_version=&#8221;4.5.1&#8243; _module_preset=&#8221;default&#8221; global_colors_info=&#8221;{}&#8221;][et_pb_column type=&#8221;4_4&#8243; _builder_version=&#8221;4.5.1&#8243; _module_preset=&#8221;default&#8221; global_colors_info=&#8221;{}&#8221;][et_pb_image src=&#8221;https:\/\/beta.yopsi.ch\/wp-content\/uploads\/2021\/09\/Betatest.png&#8221; title_text=&#8221;Betatest&#8221; align=&#8221;center&#8221; _builder_version=&#8221;4.10.7&#8243; _module_preset=&#8221;default&#8221; max_height=&#8221;300px&#8221; box_shadow_style=&#8221;none&#8221; global_colors_info=&#8221;{}&#8221;][\/et_pb_image][et_pb_text _builder_version=&#8221;4.10.7&#8243; _module_preset=&#8221;default&#8221; text_text_color=&#8221;#F2F2F2&#8243; background_color=&#8221;#bd21bf&#8221; custom_margin=&#8221;0px||||false|false&#8221; custom_padding=&#8221;30px||30px||false|false&#8221; box_shadow_style=&#8221;preset1&#8243; box_shadow_color=&#8221;#BD21BF&#8221; inline_fonts=&#8221;Knewave&#8221; global_colors_info=&#8221;{}&#8221;]<\/p>\n<h1 style=\"text-align: center\"><span style=\"text-decoration: underline;font-size: xx-large;font-family: inherit;font-weight: normal;color: #f2f2f2\"><strong>BETA-Test f\u00fcr ausgew\u00e4hlte g\u00e4ste<\/strong><\/span><\/h1>\n<h4 style=\"text-align: center\"><span style=\"color: #f2f2f2\"> Aktuell testen wir die Website und den Bestellprozess OHNE Drucken. Bitte Teste den Prozess und gib uns pers\u00f6nlich Bescheid, wie Du es findest!<\/span><\/h4>\n<p style=\"text-align: center\"><span style=\"color: #f2f2f2\">Falls bei dir ein Fehler auftritt w\u00e4ren wir froh, wenn du Datum und Uhrzeit notieren k\u00f6nntest<\/span><\/p>\n<p style=\"text-align: center\"><span style=\"color: #f2f2f2\">Bitte lade keine kritischen oder vertraulichen Dokumente hoch, w\u00e4hrend wir am Testen sind<br \/><\/span><\/p>\n<p><span style=\"color: #f2f2f2\"><\/span><\/p>\n<h4 style=\"text-align: center\"><span style=\"color: #f2f2f2\">Danke<\/span><\/h4>\n<h4 style=\"text-align: center\"><span style=\"color: #f2f2f2\">Dein Yopsi Team<\/span><\/h4>\n<p>[\/et_pb_text][et_pb_text _builder_version=&#8221;4.9.0&#8243; _module_preset=&#8221;default&#8221; custom_padding=&#8221;||0px|||&#8221; global_colors_info=&#8221;{}&#8221;]<\/p>\n<h1 style=\"text-align: center\">Yopsi &#8211; your online print llama<\/h1>\n<p style=\"text-align: center\">You want to print your documents, without the hassle of owning a printer? Tired of empty or dried out cartridges and paper jams?<\/p>\n<p style=\"text-align: center\">Then you&#8217;ve come to the right place!<\/p>\n<p style=\"text-align: center\">Upload your file as a PDF and we&#8217;ll take care of the rest. If your file has another format, we can can convert it for you. As soon as you&#8217;ve uploaded your file, we will show you the printing options and pricing.<\/p>\n<p>[\/et_pb_text][\/et_pb_column][\/et_pb_row][et_pb_row _builder_version=&#8221;4.5.2&#8243; _module_preset=&#8221;default&#8221; global_colors_info=&#8221;{}&#8221;][et_pb_column type=&#8221;4_4&#8243; _builder_version=&#8221;4.5.2&#8243; _module_preset=&#8221;default&#8221; global_colors_info=&#8221;{}&#8221;][et_pb_video src=&#8221;http:\/\/beta.yopsi.ch\/wp-content\/uploads\/2020\/12\/Yopsi_Lang_V2.mp4&#8243; _builder_version=&#8221;4.14.4&#8243; _module_preset=&#8221;default&#8221; hover_enabled=&#8221;0&#8243; global_colors_info=&#8221;{}&#8221; sticky_enabled=&#8221;0&#8243; alt=&#8221;yopsi &#8211; quickly explained&#8221; title_text=&#8221;yopsi-video-thumb1&#8243; image_src=&#8221;https:\/\/beta.yopsi.ch\/wp-content\/uploads\/2022\/01\/yopsi-video-thumb1.png&#8221;][\/et_pb_video][\/et_pb_column][\/et_pb_row][et_pb_row _builder_version=&#8221;4.5.2&#8243; _module_preset=&#8221;default&#8221; global_colors_info=&#8221;{}&#8221;][et_pb_column type=&#8221;4_4&#8243; _builder_version=&#8221;4.5.2&#8243; _module_preset=&#8221;default&#8221; global_colors_info=&#8221;{}&#8221;][et_pb_text _builder_version=&#8221;4.14.4&#8243; _module_preset=&#8221;default&#8221; global_colors_info=&#8221;{}&#8221;]<\/p>\n<p style=\"text-align: center\">In order to show you the right options and prices for your document, we need to count the pages and look at the format.<\/p>\n<h2 style=\"text-align: center\">That&#8217;s why you need to agree on our <a href=\"http:\/\/beta.yopsi.ch\/datenschutzerklaerung\/\">Privacy statement<\/a><\/h2>\n<p>[\/et_pb_text][\/et_pb_column][\/et_pb_row][et_pb_row _builder_version=&#8221;4.5.1&#8243; _module_preset=&#8221;default&#8221; global_colors_info=&#8221;{}&#8221;][et_pb_column type=&#8221;4_4&#8243; _builder_version=&#8221;4.5.1&#8243; _module_preset=&#8221;default&#8221; global_colors_info=&#8221;{}&#8221;][et_pb_code _builder_version=&#8221;4.9.0&#8243; _module_preset=&#8221;default&#8221; text_orientation=&#8221;center&#8221; global_colors_info=&#8221;{}&#8221;]<a href='https:\/\/beta.yopsi.ch\/en\/upload-files\/'><button id='accept_privacy_statement_landing_page' class='et_pb_button et_pb_button_0 et_pb_bg_layout_light'>Let's go (accept privacy statement)<\/button><\/a>[\/et_pb_code][et_pb_slider _builder_version=&#8221;4.14.4&#8243; _module_preset=&#8221;default&#8221; box_shadow_style=&#8221;preset1&#8243; box_shadow_color=&#8221;#111C26&#8243; global_colors_info=&#8221;{}&#8221;][et_pb_slide _builder_version=&#8221;4.9.0&#8243; _module_preset=&#8221;default&#8221; global_colors_info=&#8221;{}&#8221; sticky_transition=&#8221;on&#8221;]<\/p>\n<p>You want your documents<\/p>\n<h2>just printed out<\/h2>\n<p>without having to worry about a printer? Tired of empty or dried out cartridges and paper jams?<\/p>\n<p>[\/et_pb_slide][et_pb_slide _builder_version=&#8221;4.9.0&#8243; _module_preset=&#8221;default&#8221; global_colors_info=&#8221;{}&#8221; sticky_transition=&#8221;on&#8221;]<\/p>\n<h2>Then yopsi is the right place for you!<\/h2>\n<p>[\/et_pb_slide][et_pb_slide _builder_version=&#8221;4.14.4&#8243; _module_preset=&#8221;default&#8221; global_colors_info=&#8221;{}&#8221; sticky_transition=&#8221;on&#8221;]<\/p>\n<h2>upload your pdf &#8211; order &#8211; done<\/h2>\n<p>Upload your file as a PDF and we&#8217;ll take care of the rest. If you have the file in a different format, we can of course convert the file for you. As soon as you have uploaded the file, you will be shown all available options and the prices for them.<\/p>\n<p>[\/et_pb_slide][\/et_pb_slider][\/et_pb_column][\/et_pb_row][\/et_pb_section][et_pb_section fb_built=&#8221;1&#8243; fullwidth=&#8221;on&#8221; _builder_version=&#8221;3.22&#8243; background_color=&#8221;#f7f7f7&#8243; global_colors_info=&#8221;{}&#8221;][et_pb_fullwidth_header title=&#8221;starting 2022 &#8211; your online-printing-lama&#8221; text_orientation=&#8221;center&#8221; content_max_width=&#8221;none&#8221; _builder_version=&#8221;3.16&#8243; background_color=&#8221;rgba(255, 255, 255, 0)&#8221; background_layout=&#8221;light&#8221; global_colors_info=&#8221;{}&#8221; button_one_text_size__hover_enabled=&#8221;off&#8221; button_two_text_size__hover_enabled=&#8221;off&#8221; button_one_text_color__hover_enabled=&#8221;off&#8221; button_two_text_color__hover_enabled=&#8221;off&#8221; button_one_border_width__hover_enabled=&#8221;off&#8221; button_two_border_width__hover_enabled=&#8221;off&#8221; button_one_border_color__hover_enabled=&#8221;off&#8221; button_two_border_color__hover_enabled=&#8221;off&#8221; button_one_border_radius__hover_enabled=&#8221;off&#8221; button_two_border_radius__hover_enabled=&#8221;off&#8221; button_one_letter_spacing__hover_enabled=&#8221;off&#8221; button_two_letter_spacing__hover_enabled=&#8221;off&#8221; button_one_bg_color__hover_enabled=&#8221;off&#8221; button_two_bg_color__hover_enabled=&#8221;off&#8221;][\/et_pb_fullwidth_header][\/et_pb_section][et_pb_section fb_built=&#8221;1&#8243; _builder_version=&#8221;4.5.2&#8243; _module_preset=&#8221;default&#8221; global_colors_info=&#8221;{}&#8221;][\/et_pb_section]<\/p>\n","protected":false},"excerpt":{"rendered":"<p>BETA-Test f\u00fcr ausgew\u00e4hlte g\u00e4ste Aktuell testen wir die Website und den Bestellprozess OHNE Drucken. Bitte Teste den Prozess und gib uns pers\u00f6nlich Bescheid, wie Du es findest! Falls bei dir ein Fehler auftritt w\u00e4ren wir froh, wenn du Datum und Uhrzeit notieren k\u00f6nntest Bitte lade keine kritischen oder vertraulichen Dokumente hoch, w\u00e4hrend wir am Testen [&hellip;]<\/p>\n","protected":false},"author":1,"featured_media":0,"parent":0,"menu_order":0,"comment_status":"closed","ping_status":"closed","template":"","meta":{"_et_pb_use_builder":"on","_et_pb_old_content":"","_et_gb_content_width":""},"yoast_head":"<!-- This site is optimized with the Yoast SEO plugin v20.4 - https:\/\/yoast.com\/wordpress\/plugins\/seo\/ -->\n<title>Yopsi - YOPSI Beta Test<\/title>\n<meta name=\"robots\" content=\"noindex, follow, max-snippet:-1, max-image-preview:large, max-video-preview:-1\" \/>\n<meta property=\"og:locale\" content=\"en_US\" \/>\n<meta property=\"og:type\" content=\"article\" \/>\n<meta property=\"og:title\" content=\"Yopsi - YOPSI Beta Test\" \/>\n<meta property=\"og:description\" content=\"BETA-Test f\u00fcr ausgew\u00e4hlte g\u00e4ste Aktuell testen wir die Website und den Bestellprozess OHNE Drucken. Bitte Teste den Prozess und gib uns pers\u00f6nlich Bescheid, wie Du es findest! Falls bei dir ein Fehler auftritt w\u00e4ren wir froh, wenn du Datum und Uhrzeit notieren k\u00f6nntest Bitte lade keine kritischen oder vertraulichen Dokumente hoch, w\u00e4hrend wir am Testen [&hellip;]\" \/>\n<meta property=\"og:url\" content=\"https:\/\/beta.yopsi.ch\/en\/\" \/>\n<meta property=\"og:site_name\" content=\"YOPSI Beta Test\" \/>\n<meta property=\"article:modified_time\" content=\"2022-02-22T15:36:10+00:00\" \/>\n<meta name=\"twitter:card\" content=\"summary_large_image\" \/>\n<meta name=\"twitter:label1\" content=\"Est. reading time\" \/>\n\t<meta name=\"twitter:data1\" content=\"4 minutes\" \/>\n<script type=\"application\/ld+json\" class=\"yoast-schema-graph\">{\"@context\":\"https:\/\/schema.org\",\"@graph\":[{\"@type\":\"WebPage\",\"@id\":\"https:\/\/beta.yopsi.ch\/en\/\",\"url\":\"https:\/\/beta.yopsi.ch\/en\/\",\"name\":\"Yopsi - YOPSI Beta Test\",\"isPartOf\":{\"@id\":\"https:\/\/beta.yopsi.ch\/en\/#website\"},\"datePublished\":\"2021-08-06T19:05:16+00:00\",\"dateModified\":\"2022-02-22T15:36:10+00:00\",\"breadcrumb\":{\"@id\":\"https:\/\/beta.yopsi.ch\/en\/#breadcrumb\"},\"inLanguage\":\"en-US\",\"potentialAction\":[{\"@type\":\"ReadAction\",\"target\":[\"https:\/\/beta.yopsi.ch\/en\/\"]}]},{\"@type\":\"BreadcrumbList\",\"@id\":\"https:\/\/beta.yopsi.ch\/en\/#breadcrumb\",\"itemListElement\":[{\"@type\":\"ListItem\",\"position\":1,\"name\":\"Startseite\",\"item\":\"https:\/\/beta.yopsi.ch\/en\/yopsi\/\"},{\"@type\":\"ListItem\",\"position\":2,\"name\":\"Yopsi\"}]},{\"@type\":\"WebSite\",\"@id\":\"https:\/\/beta.yopsi.ch\/en\/#website\",\"url\":\"https:\/\/beta.yopsi.ch\/en\/\",\"name\":\"YOPSI\",\"description\":\"Dein Druck Lama\",\"potentialAction\":[{\"@type\":\"SearchAction\",\"target\":{\"@type\":\"EntryPoint\",\"urlTemplate\":\"https:\/\/beta.yopsi.ch\/en\/?s={search_term_string}\"},\"query-input\":\"required name=search_term_string\"}],\"inLanguage\":\"en-US\"}]}<\/script>\n<!-- \/ Yoast SEO plugin. -->","yoast_head_json":{"title":"Yopsi - YOPSI Beta Test","robots":{"index":"noindex","follow":"follow","max-snippet":"max-snippet:-1","max-image-preview":"max-image-preview:large","max-video-preview":"max-video-preview:-1"},"og_locale":"en_US","og_type":"article","og_title":"Yopsi - YOPSI Beta Test","og_description":"BETA-Test f\u00fcr ausgew\u00e4hlte g\u00e4ste Aktuell testen wir die Website und den Bestellprozess OHNE Drucken. Bitte Teste den Prozess und gib uns pers\u00f6nlich Bescheid, wie Du es findest! Falls bei dir ein Fehler auftritt w\u00e4ren wir froh, wenn du Datum und Uhrzeit notieren k\u00f6nntest Bitte lade keine kritischen oder vertraulichen Dokumente hoch, w\u00e4hrend wir am Testen [&hellip;]","og_url":"https:\/\/beta.yopsi.ch\/en\/","og_site_name":"YOPSI Beta Test","article_modified_time":"2022-02-22T15:36:10+00:00","twitter_card":"summary_large_image","twitter_misc":{"Est. reading time":"4 minutes"},"schema":{"@context":"https:\/\/schema.org","@graph":[{"@type":"WebPage","@id":"https:\/\/beta.yopsi.ch\/en\/","url":"https:\/\/beta.yopsi.ch\/en\/","name":"Yopsi - YOPSI Beta Test","isPartOf":{"@id":"https:\/\/beta.yopsi.ch\/en\/#website"},"datePublished":"2021-08-06T19:05:16+00:00","dateModified":"2022-02-22T15:36:10+00:00","breadcrumb":{"@id":"https:\/\/beta.yopsi.ch\/en\/#breadcrumb"},"inLanguage":"en-US","potentialAction":[{"@type":"ReadAction","target":["https:\/\/beta.yopsi.ch\/en\/"]}]},{"@type":"BreadcrumbList","@id":"https:\/\/beta.yopsi.ch\/en\/#breadcrumb","itemListElement":[{"@type":"ListItem","position":1,"name":"Startseite","item":"https:\/\/beta.yopsi.ch\/en\/yopsi\/"},{"@type":"ListItem","position":2,"name":"Yopsi"}]},{"@type":"WebSite","@id":"https:\/\/beta.yopsi.ch\/en\/#website","url":"https:\/\/beta.yopsi.ch\/en\/","name":"YOPSI","description":"Dein Druck Lama","potentialAction":[{"@type":"SearchAction","target":{"@type":"EntryPoint","urlTemplate":"https:\/\/beta.yopsi.ch\/en\/?s={search_term_string}"},"query-input":"required name=search_term_string"}],"inLanguage":"en-US"}]}},"_links":{"self":[{"href":"https:\/\/beta.yopsi.ch\/en\/wp-json\/wp\/v2\/pages\/1021"}],"collection":[{"href":"https:\/\/beta.yopsi.ch\/en\/wp-json\/wp\/v2\/pages"}],"about":[{"href":"https:\/\/beta.yopsi.ch\/en\/wp-json\/wp\/v2\/types\/page"}],"author":[{"embeddable":true,"href":"https:\/\/beta.yopsi.ch\/en\/wp-json\/wp\/v2\/users\/1"}],"replies":[{"embeddable":true,"href":"https:\/\/beta.yopsi.ch\/en\/wp-json\/wp\/v2\/comments?post=1021"}],"version-history":[{"count":7,"href":"https:\/\/beta.yopsi.ch\/en\/wp-json\/wp\/v2\/pages\/1021\/revisions"}],"predecessor-version":[{"id":1843,"href":"https:\/\/beta.yopsi.ch\/en\/wp-json\/wp\/v2\/pages\/1021\/revisions\/1843"}],"wp:attachment":[{"href":"https:\/\/beta.yopsi.ch\/en\/wp-json\/wp\/v2\/media?parent=1021"}],"curies":[{"name":"wp","href":"https:\/\/api.w.org\/{rel}","templated":true}]}}